{"id":113,"date":"2025-12-10T00:29:14","date_gmt":"2025-12-09T21:29:14","guid":{"rendered":"https:\/\/haydarzade.alanyarestaurantprogrami.com\/?page_id=113"},"modified":"2026-04-09T16:59:14","modified_gmt":"2026-04-09T13:59:14","slug":"dondurma-menu","status":"publish","type":"page","link":"https:\/\/haydarzade.alanyarestaurantprogrami.com\/index.php\/dondurma-menu\/","title":{"rendered":"Dondurma Men\u00fc"},"content":{"rendered":"\n<div>\n<p class=\"gb-text gb-text-042f6589\">Dondurma Men\u00fcs\u00fc<\/p>\n<\/div>\n\n\n\n<div class=\"gb-element-de5320ad\">\n<div class=\"wp-block-getwid-price-list has-text-color has-dots\" style=\"color:#b04f1a\"> <div class=\"wp-block-getwid-price-list__content-wrapper\"><div class=\"wp-block-getwid-price-list__header\"><p class=\"wp-block-getwid-price-list__title\">Top Dondurma<\/p><div class=\"wp-block-getwid-price-list__price-line\"><\/div><div class=\"wp-block-getwid-price-list__price-wrapper has-currency-after-space\"><p class=\"wp-block-getwid-price-list__currency\">TL<\/p><p class=\"wp-block-getwid-price-list__amount\">70<\/p><\/div><\/div><\/div><\/div>\n\n\n\n<div class=\"wp-block-getwid-price-list has-text-color has-contrast-color has-dots\"> <div class=\"wp-block-getwid-price-list__content-wrapper\"><div class=\"wp-block-getwid-price-list__header\"><p class=\"wp-block-getwid-price-list__title\">Cup Dondurma<\/p><div class=\"wp-block-getwid-price-list__price-line\"><\/div><div class=\"wp-block-getwid-price-list__price-wrapper has-currency-after-space\"><p class=\"wp-block-getwid-price-list__currency\">TL<\/p><p class=\"wp-block-getwid-price-list__amount\">190<\/p><\/div><\/div><\/div><\/div>\n\n\n\n<div class=\"wp-block-getwid-price-list has-text-color has-dots\" style=\"color:#b04f1a\"> <div class=\"wp-block-getwid-price-list__content-wrapper\"><div class=\"wp-block-getwid-price-list__header\"><p class=\"wp-block-getwid-price-list__title\">Cevizli Special Dondurma<\/p><div class=\"wp-block-getwid-price-list__price-line\"><\/div><div class=\"wp-block-getwid-price-list__price-wrapper has-currency-after-space\"><p class=\"wp-block-getwid-price-list__currency\">TL<\/p><p class=\"wp-block-getwid-price-list__amount\">280<\/p><\/div><\/div><\/div><\/div>\n\n\n\n<div class=\"wp-block-getwid-price-list has-text-color has-contrast-color has-dots\"> <div class=\"wp-block-getwid-price-list__content-wrapper\"><div class=\"wp-block-getwid-price-list__header\"><p class=\"wp-block-getwid-price-list__title\">Kesme Dondurma<\/p><div class=\"wp-block-getwid-price-list__price-line\"><\/div><div class=\"wp-block-getwid-price-list__price-wrapper has-currency-after-space\"><p class=\"wp-block-getwid-price-list__currency\">TL<\/p><p class=\"wp-block-getwid-price-list__amount\">160<\/p><\/div><\/div><\/div><\/div>\n\n\n\n<div class=\"wp-block-getwid-price-list has-text-color has-dots\" style=\"color:#b04f1a\"> <div class=\"wp-block-getwid-price-list__content-wrapper\"><div class=\"wp-block-getwid-price-list__header\"><p class=\"wp-block-getwid-price-list__title\">F\u0131st\u0131kl\u0131 Special Dondurma <\/p><div class=\"wp-block-getwid-price-list__price-line\"><\/div><div class=\"wp-block-getwid-price-list__price-wrapper has-currency-after-space\"><p class=\"wp-block-getwid-price-list__currency\">TL<\/p><p class=\"wp-block-getwid-price-list__amount\">270<\/p><\/div><\/div><\/div><\/div>\n<\/div>\n\n\n\n<div class=\"gb-element-e783a250\">\n<div class=\"wp-block-getwid-price-list has-text-color has-contrast-color has-dots\"> <div class=\"wp-block-getwid-price-list__content-wrapper\"><div class=\"wp-block-getwid-price-list__header\"><p class=\"wp-block-getwid-price-list__title\">250GR SADE DONDURMA<\/p><div class=\"wp-block-getwid-price-list__price-line\"><\/div><div class=\"wp-block-getwid-price-list__price-wrapper has-currency-after-space\"><p class=\"wp-block-getwid-price-list__currency\">TL<\/p><p class=\"wp-block-getwid-price-list__amount\">250<\/p><\/div><\/div><\/div><\/div>\n\n\n\n<div class=\"wp-block-getwid-price-list has-text-color has-dots\" style=\"color:#b04f1a\"> <div class=\"wp-block-getwid-price-list__content-wrapper\"><div class=\"wp-block-getwid-price-list__header\"><p class=\"wp-block-getwid-price-list__title\">500GR SADE DONDURMA<\/p><div class=\"wp-block-getwid-price-list__price-line\"><\/div><div class=\"wp-block-getwid-price-list__price-wrapper has-currency-after-space\"><p class=\"wp-block-getwid-price-list__currency\">TL<\/p><p class=\"wp-block-getwid-price-list__amount\">350 <\/p><\/div><\/div><\/div><\/div>\n\n\n\n<div class=\"wp-block-getwid-price-list has-text-color has-contrast-color has-dots\"> <div class=\"wp-block-getwid-price-list__content-wrapper\"><div class=\"wp-block-getwid-price-list__header\"><p class=\"wp-block-getwid-price-list__title\">1 KG SADE DONDURMA<\/p><div class=\"wp-block-getwid-price-list__price-line\"><\/div><div class=\"wp-block-getwid-price-list__price-wrapper has-currency-after-space\"><p class=\"wp-block-getwid-price-list__currency\">TL<\/p><p class=\"wp-block-getwid-price-list__amount\">600<\/p><\/div><\/div><\/div><\/div>\n\n\n\n<div class=\"wp-block-getwid-price-list has-text-color has-dots\" style=\"color:#b04f1a\"> <div class=\"wp-block-getwid-price-list__content-wrapper\"><div class=\"wp-block-getwid-price-list__header\"><p class=\"wp-block-getwid-price-list__title\">500 GR FISTIKLI DONDURMA<\/p><div class=\"wp-block-getwid-price-list__price-line\"><\/div><div class=\"wp-block-getwid-price-list__price-wrapper has-currency-after-space\"><p class=\"wp-block-getwid-price-list__currency\">TL<\/p><p class=\"wp-block-getwid-price-list__amount\">650<\/p><\/div><\/div><\/div><\/div>\n\n\n\n<div class=\"wp-block-getwid-price-list has-text-color has-contrast-color has-dots\"> <div class=\"wp-block-getwid-price-list__content-wrapper\"><div class=\"wp-block-getwid-price-list__header\"><p class=\"wp-block-getwid-price-list__title\">1 KG FISTIKLI DONDURMA<\/p><div class=\"wp-block-getwid-price-list__price-line\"><\/div><div class=\"wp-block-getwid-price-list__price-wrapper has-currency-after-space\"><p class=\"wp-block-getwid-price-list__currency\">TL<\/p><p class=\"wp-block-getwid-price-list__amount\">1200<\/p><\/div><\/div><\/div><\/div>\n<\/div>\n","protected":false},"excerpt":{"rendered":"<p>Dondurma Men\u00fcs\u00fc<\/p>\n","protected":false},"author":1,"featured_media":0,"parent":0,"menu_order":0,"comment_status":"closed","ping_status":"closed","template":"","meta":{"footnotes":""},"class_list":["post-113","page","type-page","status-publish"],"_links":{"self":[{"href":"https:\/\/haydarzade.alanyarestaurantprogrami.com\/index.php\/wp-json\/wp\/v2\/pages\/113","targetHints":{"allow":["GET"]}}],"collection":[{"href":"https:\/\/haydarzade.alanyarestaurantprogrami.com\/index.php\/wp-json\/wp\/v2\/pages"}],"about":[{"href":"https:\/\/haydarzade.alanyarestaurantprogrami.com\/index.php\/wp-json\/wp\/v2\/types\/page"}],"author":[{"embeddable":true,"href":"https:\/\/haydarzade.alanyarestaurantprogrami.com\/index.php\/wp-json\/wp\/v2\/users\/1"}],"replies":[{"embeddable":true,"href":"https:\/\/haydarzade.alanyarestaurantprogrami.com\/index.php\/wp-json\/wp\/v2\/comments?post=113"}],"version-history":[{"count":12,"href":"https:\/\/haydarzade.alanyarestaurantprogrami.com\/index.php\/wp-json\/wp\/v2\/pages\/113\/revisions"}],"predecessor-version":[{"id":487,"href":"https:\/\/haydarzade.alanyarestaurantprogrami.com\/index.php\/wp-json\/wp\/v2\/pages\/113\/revisions\/487"}],"wp:attachment":[{"href":"https:\/\/haydarzade.alanyarestaurantprogrami.com\/index.php\/wp-json\/wp\/v2\/media?parent=113"}],"curies":[{"name":"wp","href":"https:\/\/api.w.org\/{rel}","templated":true}]}}