{"id":15,"date":"2025-12-09T20:51:39","date_gmt":"2025-12-09T17:51:39","guid":{"rendered":"https:\/\/haydarzade.alanyarestaurantprogrami.com\/?page_id=15"},"modified":"2025-12-16T11:02:47","modified_gmt":"2025-12-16T08:02:47","slug":"anamenu","status":"publish","type":"page","link":"https:\/\/haydarzade.alanyarestaurantprogrami.com\/","title":{"rendered":"Anamenu"},"content":{"rendered":"\n<a class=\"gb-text gb-text-5c90c3e5\" href=\"https:\/\/haydarzade.alanyarestaurantprogrami.com\/index.php\/kahvalti\/\">Kahvalt\u0131 Men\u00fc<\/a>\n\n\n\n<a class=\"gb-text gb-text-2d8289eb\" href=\"https:\/\/haydarzade.alanyarestaurantprogrami.com\/index.php\/sandvic\/\">Sandvi\u00e7 Men\u00fc<\/a>\n\n\n\n<a class=\"gb-text gb-text-502dfef1\" href=\"https:\/\/haydarzade.alanyarestaurantprogrami.com\/index.php\/cikolata-pasta\/\">\u00c7ikolata Pasta<\/a>\n\n\n\n<a class=\"gb-text gb-text-ca9fd6cc\" href=\"https:\/\/haydarzade.alanyarestaurantprogrami.com\/index.php\/katmer-porsiyon\/\">Katmer Porsiyon<\/a>\n\n\n\n<a class=\"gb-text gb-text-de02f5df\" href=\"https:\/\/haydarzade.alanyarestaurantprogrami.com\/index.php\/kunefe\/\">K\u00fcnefe Porsiyon<\/a>\n\n\n\n<a class=\"gb-text gb-text-8d0a8787\" href=\"https:\/\/haydarzade.alanyarestaurantprogrami.com\/index.php\/kadayif\/\">Kaday\u0131f Porsiyon<\/a>\n\n\n\n<a class=\"gb-text gb-text-87e09e28\" href=\"https:\/\/haydarzade.alanyarestaurantprogrami.com\/index.php\/baklava\/\">Baklava Porsiyon<\/a>\n\n\n\n<a class=\"gb-text gb-text-94d54933\" href=\"https:\/\/haydarzade.alanyarestaurantprogrami.com\/index.php\/dondurma-menu\/\">Dondurma Men\u00fc<\/a>\n\n\n\n<a class=\"gb-text gb-text-5381b6d8\" href=\"https:\/\/haydarzade.alanyarestaurantprogrami.com\/index.php\/sicak-icecekler\/\">S\u0131cak \u0130\u00e7ecekler<\/a>\n\n\n\n<a class=\"gb-text gb-text-112ea43d\" href=\"https:\/\/haydarzade.alanyarestaurantprogrami.com\/index.php\/soguk-icecekler\/\">So\u011fuk \u0130\u00e7ecekler<\/a>\n\n\n\n<a class=\"gb-text gb-text-505188f1\" href=\"https:\/\/haydarzade.alanyarestaurantprogrami.com\/index.php\/kahveler\/\">Kahveler<\/a>\n\n\n\n<a class=\"gb-text gb-text-f7d5503b\">KG Tatl\u0131lar<\/a>\n\n\n\n<p><\/p>\n","protected":false},"excerpt":{"rendered":"<p>Kahvalt\u0131 Men\u00fc Sandvi\u00e7 Men\u00fc \u00c7ikolata Pasta Katmer Porsiyon K\u00fcnefe Porsiyon Kaday\u0131f Porsiyon Baklava Porsiyon Dondurma Men\u00fc S\u0131cak \u0130\u00e7ecekler So\u011fuk \u0130\u00e7ecekler Kahveler KG Tatl\u0131lar<\/p>\n","protected":false},"author":1,"featured_media":0,"parent":0,"menu_order":0,"comment_status":"closed","ping_status":"closed","template":"","meta":{"footnotes":""},"class_list":["post-15","page","type-page","status-publish"],"_links":{"self":[{"href":"https:\/\/haydarzade.alanyarestaurantprogrami.com\/index.php\/wp-json\/wp\/v2\/pages\/15","targetHints":{"allow":["GET"]}}],"collection":[{"href":"https:\/\/haydarzade.alanyarestaurantprogrami.com\/index.php\/wp-json\/wp\/v2\/pages"}],"about":[{"href":"https:\/\/haydarzade.alanyarestaurantprogrami.com\/index.php\/wp-json\/wp\/v2\/types\/page"}],"author":[{"embeddable":true,"href":"https:\/\/haydarzade.alanyarestaurantprogrami.com\/index.php\/wp-json\/wp\/v2\/users\/1"}],"replies":[{"embeddable":true,"href":"https:\/\/haydarzade.alanyarestaurantprogrami.com\/index.php\/wp-json\/wp\/v2\/comments?post=15"}],"version-history":[{"count":56,"href":"https:\/\/haydarzade.alanyarestaurantprogrami.com\/index.php\/wp-json\/wp\/v2\/pages\/15\/revisions"}],"predecessor-version":[{"id":426,"href":"https:\/\/haydarzade.alanyarestaurantprogrami.com\/index.php\/wp-json\/wp\/v2\/pages\/15\/revisions\/426"}],"wp:attachment":[{"href":"https:\/\/haydarzade.alanyarestaurantprogrami.com\/index.php\/wp-json\/wp\/v2\/media?parent=15"}],"curies":[{"name":"wp","href":"https:\/\/api.w.org\/{rel}","templated":true}]}}