{"id":171,"date":"2025-12-10T01:47:35","date_gmt":"2025-12-09T22:47:35","guid":{"rendered":"https:\/\/haydarzade.alanyarestaurantprogrami.com\/?page_id=171"},"modified":"2026-02-10T16:26:36","modified_gmt":"2026-02-10T13:26:36","slug":"katmer-porsiyon","status":"publish","type":"page","link":"https:\/\/haydarzade.alanyarestaurantprogrami.com\/index.php\/katmer-porsiyon\/","title":{"rendered":"Katmer Porsiyon"},"content":{"rendered":"\n<div>\n<p class=\"gb-text gb-text-042f6589\">Katmer Men\u00fcs\u00fc<\/p>\n<\/div>\n\n\n\n<div>\n<div class=\"gb-element-acc5604e\">\n<div class=\"gb-element-5c02fa9e\">\n<figure class=\"wp-block-image size-full is-resized\"><img loading=\"lazy\" decoding=\"async\" width=\"500\" height=\"500\" src=\"https:\/\/haydarzade.alanyarestaurantprogrami.com\/wp-content\/uploads\/2025\/12\/10.jpg\" alt=\"\" class=\"wp-image-174\" style=\"object-fit:cover;width:150px;height:100px\" srcset=\"https:\/\/haydarzade.alanyarestaurantprogrami.com\/wp-content\/uploads\/2025\/12\/10.jpg 500w, https:\/\/haydarzade.alanyarestaurantprogrami.com\/wp-content\/uploads\/2025\/12\/10-300x300.jpg 300w, https:\/\/haydarzade.alanyarestaurantprogrami.com\/wp-content\/uploads\/2025\/12\/10-150x150.jpg 150w\" sizes=\"auto, (max-width: 500px) 100vw, 500px\" \/><\/figure>\n\n\n\n<p class=\"gb-text gb-text-9748ee46\">Kare Katmer TL<br><strong>550 <\/strong><\/p>\n\n\n\n<p><\/p>\n<\/div>\n\n\n\n<div class=\"gb-element-194fdecf\">\n<figure class=\"wp-block-image size-full is-resized\"><img loading=\"lazy\" decoding=\"async\" width=\"500\" height=\"500\" src=\"https:\/\/haydarzade.alanyarestaurantprogrami.com\/wp-content\/uploads\/2025\/12\/5.jpg\" alt=\"\" class=\"wp-image-176\" style=\"object-fit:cover;width:150px;height:100px\" srcset=\"https:\/\/haydarzade.alanyarestaurantprogrami.com\/wp-content\/uploads\/2025\/12\/5.jpg 500w, https:\/\/haydarzade.alanyarestaurantprogrami.com\/wp-content\/uploads\/2025\/12\/5-300x300.jpg 300w, https:\/\/haydarzade.alanyarestaurantprogrami.com\/wp-content\/uploads\/2025\/12\/5-150x150.jpg 150w\" sizes=\"auto, (max-width: 500px) 100vw, 500px\" \/><\/figure>\n\n\n\n<p class=\"gb-text gb-text-1449c9ad\">Simit Katmer<br><strong>600 TL<\/strong><\/p>\n<\/div>\n\n\n\n<div class=\"gb-element-ab04d166\">\n<figure class=\"wp-block-image size-full is-resized\"><img loading=\"lazy\" decoding=\"async\" width=\"1200\" height=\"1600\" src=\"https:\/\/haydarzade.alanyarestaurantprogrami.com\/wp-content\/uploads\/2025\/12\/WhatsApp-Image-2025-12-15-at-16.53.34.jpeg\" alt=\"\" class=\"wp-image-321\" style=\"object-fit:cover;width:150px;height:100px\" srcset=\"https:\/\/haydarzade.alanyarestaurantprogrami.com\/wp-content\/uploads\/2025\/12\/WhatsApp-Image-2025-12-15-at-16.53.34.jpeg 1200w, https:\/\/haydarzade.alanyarestaurantprogrami.com\/wp-content\/uploads\/2025\/12\/WhatsApp-Image-2025-12-15-at-16.53.34-225x300.jpeg 225w, https:\/\/haydarzade.alanyarestaurantprogrami.com\/wp-content\/uploads\/2025\/12\/WhatsApp-Image-2025-12-15-at-16.53.34-768x1024.jpeg 768w, https:\/\/haydarzade.alanyarestaurantprogrami.com\/wp-content\/uploads\/2025\/12\/WhatsApp-Image-2025-12-15-at-16.53.34-1152x1536.jpeg 1152w\" sizes=\"auto, (max-width: 1200px) 100vw, 1200px\" \/><\/figure>\n\n\n\n<p class=\"gb-text gb-text-0d56b27c\">Burma Katmer<br><strong>900 TL<\/strong><\/p>\n<\/div>\n\n\n\n<div class=\"gb-element-0e6025ad\">\n<figure class=\"wp-block-image size-full is-resized\"><img loading=\"lazy\" decoding=\"async\" width=\"1200\" height=\"1600\" src=\"https:\/\/haydarzade.alanyarestaurantprogrami.com\/wp-content\/uploads\/2025\/12\/WhatsApp-Image-2025-12-15-at-16.59.02.jpeg\" alt=\"\" class=\"wp-image-323\" style=\"aspect-ratio:1.5;object-fit:cover;width:143px;height:auto\" srcset=\"https:\/\/haydarzade.alanyarestaurantprogrami.com\/wp-content\/uploads\/2025\/12\/WhatsApp-Image-2025-12-15-at-16.59.02.jpeg 1200w, https:\/\/haydarzade.alanyarestaurantprogrami.com\/wp-content\/uploads\/2025\/12\/WhatsApp-Image-2025-12-15-at-16.59.02-225x300.jpeg 225w, https:\/\/haydarzade.alanyarestaurantprogrami.com\/wp-content\/uploads\/2025\/12\/WhatsApp-Image-2025-12-15-at-16.59.02-768x1024.jpeg 768w, https:\/\/haydarzade.alanyarestaurantprogrami.com\/wp-content\/uploads\/2025\/12\/WhatsApp-Image-2025-12-15-at-16.59.02-1152x1536.jpeg 1152w\" sizes=\"auto, (max-width: 1200px) 100vw, 1200px\" \/><\/figure>\n\n\n\n<p class=\"gb-text gb-text-ca07bf32\">\u00c7ikolatal\u0131 Burma Katmer<br><strong>950 TL<\/strong><\/p>\n<\/div>\n\n\n\n<div class=\"gb-element-4fa28ba9\">\n<figure class=\"wp-block-image size-full is-resized\"><img loading=\"lazy\" decoding=\"async\" width=\"2000\" height=\"2000\" src=\"https:\/\/haydarzade.alanyarestaurantprogrami.com\/wp-content\/uploads\/2025\/12\/4.jpg\" alt=\"\" class=\"wp-image-324\" style=\"object-fit:cover;width:150px;height:100px\" srcset=\"https:\/\/haydarzade.alanyarestaurantprogrami.com\/wp-content\/uploads\/2025\/12\/4.jpg 2000w, https:\/\/haydarzade.alanyarestaurantprogrami.com\/wp-content\/uploads\/2025\/12\/4-300x300.jpg 300w, https:\/\/haydarzade.alanyarestaurantprogrami.com\/wp-content\/uploads\/2025\/12\/4-1024x1024.jpg 1024w, https:\/\/haydarzade.alanyarestaurantprogrami.com\/wp-content\/uploads\/2025\/12\/4-150x150.jpg 150w, https:\/\/haydarzade.alanyarestaurantprogrami.com\/wp-content\/uploads\/2025\/12\/4-768x768.jpg 768w, https:\/\/haydarzade.alanyarestaurantprogrami.com\/wp-content\/uploads\/2025\/12\/4-1536x1536.jpg 1536w\" sizes=\"auto, (max-width: 2000px) 100vw, 2000px\" \/><\/figure>\n\n\n\n<p class=\"gb-text gb-text-92168d75\">Muska Katmer<br><strong>350 TL<\/strong><\/p>\n<\/div>\n\n\n\n<div class=\"gb-element-f69111d3\">\n<figure class=\"wp-block-image size-full is-resized\"><img loading=\"lazy\" decoding=\"async\" width=\"500\" height=\"500\" src=\"https:\/\/haydarzade.alanyarestaurantprogrami.com\/wp-content\/uploads\/2025\/12\/1.jpg\" alt=\"\" class=\"wp-image-28\" style=\"object-fit:cover;width:150px;height:100px\" srcset=\"https:\/\/haydarzade.alanyarestaurantprogrami.com\/wp-content\/uploads\/2025\/12\/1.jpg 500w, https:\/\/haydarzade.alanyarestaurantprogrami.com\/wp-content\/uploads\/2025\/12\/1-300x300.jpg 300w, https:\/\/haydarzade.alanyarestaurantprogrami.com\/wp-content\/uploads\/2025\/12\/1-150x150.jpg 150w\" sizes=\"auto, (max-width: 500px) 100vw, 500px\" \/><\/figure>\n\n\n\n<p class=\"gb-text gb-text-2268597e\">\u00c7ikolatal\u0131 Muska Katmer<br><strong>350 TL<\/strong><\/p>\n<\/div>\n\n\n\n<div class=\"gb-element-cbd9261f\">\n<figure class=\"wp-block-image size-full is-resized\"><img loading=\"lazy\" decoding=\"async\" width=\"1000\" height=\"858\" src=\"https:\/\/haydarzade.alanyarestaurantprogrami.com\/wp-content\/uploads\/2025\/12\/ss1.jpg\" alt=\"\" class=\"wp-image-160\" style=\"object-fit:cover;width:150px;height:100px\" srcset=\"https:\/\/haydarzade.alanyarestaurantprogrami.com\/wp-content\/uploads\/2025\/12\/ss1.jpg 1000w, https:\/\/haydarzade.alanyarestaurantprogrami.com\/wp-content\/uploads\/2025\/12\/ss1-300x257.jpg 300w, https:\/\/haydarzade.alanyarestaurantprogrami.com\/wp-content\/uploads\/2025\/12\/ss1-768x659.jpg 768w\" sizes=\"auto, (max-width: 1000px) 100vw, 1000px\" \/><\/figure>\n\n\n\n<p class=\"gb-text gb-text-49da63e7\">\u00c7ikolatal\u0131 Simit Katmer<br><strong>650 TL<\/strong><\/p>\n<\/div>\n\n\n\n<div class=\"gb-element-af9426d3\">\n<figure class=\"wp-block-image size-full is-resized\"><img loading=\"lazy\" decoding=\"async\" width=\"500\" height=\"500\" src=\"https:\/\/haydarzade.alanyarestaurantprogrami.com\/wp-content\/uploads\/2025\/12\/2.jpg\" alt=\"\" class=\"wp-image-180\" style=\"object-fit:cover;width:150px;height:100px\" srcset=\"https:\/\/haydarzade.alanyarestaurantprogrami.com\/wp-content\/uploads\/2025\/12\/2.jpg 500w, https:\/\/haydarzade.alanyarestaurantprogrami.com\/wp-content\/uploads\/2025\/12\/2-300x300.jpg 300w, https:\/\/haydarzade.alanyarestaurantprogrami.com\/wp-content\/uploads\/2025\/12\/2-150x150.jpg 150w\" sizes=\"auto, (max-width: 500px) 100vw, 500px\" \/><\/figure>\n\n\n\n<p class=\"gb-text gb-text-bdd1d34c\">Yar\u0131 Yar\u0131ya Simit Katmer<br><strong>600 TL<\/strong><\/p>\n<\/div>\n\n\n\n<div class=\"gb-element-a6f7c4f5\">\n<figure class=\"wp-block-image size-full is-resized\"><img loading=\"lazy\" decoding=\"async\" width=\"1000\" height=\"858\" src=\"https:\/\/haydarzade.alanyarestaurantprogrami.com\/wp-content\/uploads\/2025\/12\/ss1.jpg\" alt=\"\" class=\"wp-image-160\" style=\"object-fit:cover;width:150px;height:100px\" srcset=\"https:\/\/haydarzade.alanyarestaurantprogrami.com\/wp-content\/uploads\/2025\/12\/ss1.jpg 1000w, https:\/\/haydarzade.alanyarestaurantprogrami.com\/wp-content\/uploads\/2025\/12\/ss1-300x257.jpg 300w, https:\/\/haydarzade.alanyarestaurantprogrami.com\/wp-content\/uploads\/2025\/12\/ss1-768x659.jpg 768w\" sizes=\"auto, (max-width: 1000px) 100vw, 1000px\" \/><\/figure>\n\n\n\n<p class=\"gb-text gb-text-18e9f03a\">Dondurmal\u0131 Katmer<br><strong>750 TL<\/strong><\/p>\n<\/div>\n\n\n\n<div class=\"gb-element-532a4050\">\n<figure class=\"wp-block-image size-full is-resized\"><img loading=\"lazy\" decoding=\"async\" width=\"500\" height=\"500\" src=\"https:\/\/haydarzade.alanyarestaurantprogrami.com\/wp-content\/uploads\/2025\/12\/6.jpg\" alt=\"\" class=\"wp-image-179\" style=\"object-fit:cover;width:150px;height:100px\" srcset=\"https:\/\/haydarzade.alanyarestaurantprogrami.com\/wp-content\/uploads\/2025\/12\/6.jpg 500w, https:\/\/haydarzade.alanyarestaurantprogrami.com\/wp-content\/uploads\/2025\/12\/6-300x300.jpg 300w, https:\/\/haydarzade.alanyarestaurantprogrami.com\/wp-content\/uploads\/2025\/12\/6-150x150.jpg 150w\" sizes=\"auto, (max-width: 500px) 100vw, 500px\" \/><\/figure>\n\n\n\n<p class=\"gb-text gb-text-63ee94ab\">Muzlu Katmer<br><strong>300<\/strong> TL<\/p>\n<\/div>\n<\/div>\n<\/div>\n","protected":false},"excerpt":{"rendered":"<p>Katmer Men\u00fcs\u00fc Kare Katmer TL550 Simit Katmer600 TL Burma Katmer900 TL \u00c7ikolatal\u0131 Burma Katmer950 TL Muska Katmer350 TL \u00c7ikolatal\u0131 Muska Katmer350 TL \u00c7ikolatal\u0131 Simit Katmer650 TL Yar\u0131 Yar\u0131ya Simit Katmer600 TL Dondurmal\u0131 Katmer750 TL Muzlu Katmer300 TL<\/p>\n","protected":false},"author":1,"featured_media":0,"parent":0,"menu_order":0,"comment_status":"closed","ping_status":"closed","template":"","meta":{"footnotes":""},"class_list":["post-171","page","type-page","status-publish"],"_links":{"self":[{"href":"https:\/\/haydarzade.alanyarestaurantprogrami.com\/index.php\/wp-json\/wp\/v2\/pages\/171","targetHints":{"allow":["GET"]}}],"collection":[{"href":"https:\/\/haydarzade.alanyarestaurantprogrami.com\/index.php\/wp-json\/wp\/v2\/pages"}],"about":[{"href":"https:\/\/haydarzade.alanyarestaurantprogrami.com\/index.php\/wp-json\/wp\/v2\/types\/page"}],"author":[{"embeddable":true,"href":"https:\/\/haydarzade.alanyarestaurantprogrami.com\/index.php\/wp-json\/wp\/v2\/users\/1"}],"replies":[{"embeddable":true,"href":"https:\/\/haydarzade.alanyarestaurantprogrami.com\/index.php\/wp-json\/wp\/v2\/comments?post=171"}],"version-history":[{"count":20,"href":"https:\/\/haydarzade.alanyarestaurantprogrami.com\/index.php\/wp-json\/wp\/v2\/pages\/171\/revisions"}],"predecessor-version":[{"id":456,"href":"https:\/\/haydarzade.alanyarestaurantprogrami.com\/index.php\/wp-json\/wp\/v2\/pages\/171\/revisions\/456"}],"wp:attachment":[{"href":"https:\/\/haydarzade.alanyarestaurantprogrami.com\/index.php\/wp-json\/wp\/v2\/media?parent=171"}],"curies":[{"name":"wp","href":"https:\/\/api.w.org\/{rel}","templated":true}]}}