{"id":191,"date":"2025-12-10T01:59:57","date_gmt":"2025-12-09T22:59:57","guid":{"rendered":"https:\/\/haydarzade.alanyarestaurantprogrami.com\/?page_id=191"},"modified":"2026-03-02T18:09:42","modified_gmt":"2026-03-02T15:09:42","slug":"kunefe","status":"publish","type":"page","link":"https:\/\/haydarzade.alanyarestaurantprogrami.com\/index.php\/kunefe\/","title":{"rendered":"K\u00fcnefe"},"content":{"rendered":"\n<div>\n<p class=\"gb-text gb-text-042f6589\">K\u00fcnefe Men\u00fcs\u00fc<\/p>\n<\/div>\n\n\n\n<div>\n<div class=\"gb-element-acc5604e\">\n<div class=\"gb-element-5c02fa9e\"><div class=\"wp-block-image is-style-default\">\n<figure class=\"aligncenter size-full is-resized\"><img loading=\"lazy\" decoding=\"async\" width=\"1200\" height=\"1600\" src=\"https:\/\/haydarzade.alanyarestaurantprogrami.com\/wp-content\/uploads\/2025\/12\/WhatsApp-Image-2025-12-12-at-15.25.14-1-1.jpeg\" alt=\"\" class=\"wp-image-254\" style=\"object-fit:cover;width:350px;height:150px\" srcset=\"https:\/\/haydarzade.alanyarestaurantprogrami.com\/wp-content\/uploads\/2025\/12\/WhatsApp-Image-2025-12-12-at-15.25.14-1-1.jpeg 1200w, https:\/\/haydarzade.alanyarestaurantprogrami.com\/wp-content\/uploads\/2025\/12\/WhatsApp-Image-2025-12-12-at-15.25.14-1-1-225x300.jpeg 225w, https:\/\/haydarzade.alanyarestaurantprogrami.com\/wp-content\/uploads\/2025\/12\/WhatsApp-Image-2025-12-12-at-15.25.14-1-1-768x1024.jpeg 768w, https:\/\/haydarzade.alanyarestaurantprogrami.com\/wp-content\/uploads\/2025\/12\/WhatsApp-Image-2025-12-12-at-15.25.14-1-1-1152x1536.jpeg 1152w\" sizes=\"auto, (max-width: 1200px) 100vw, 1200px\" \/><\/figure>\n<\/div>\n\n\n<div class=\"gb-element-e20e884b\">\n<div class=\"wp-block-getwid-price-list has-text-color has-dots\" style=\"color:#b04f1a\"> <div class=\"wp-block-getwid-price-list__content-wrapper\"><div class=\"wp-block-getwid-price-list__header\"><p class=\"wp-block-getwid-price-list__title\">Klasik K\u00fcnefe 1 ki\u015filik<\/p><div class=\"wp-block-getwid-price-list__price-line\"><\/div><div class=\"wp-block-getwid-price-list__price-wrapper has-currency-after-space\"><p class=\"wp-block-getwid-price-list__currency\">TL<\/p><p class=\"wp-block-getwid-price-list__amount\">340<\/p><\/div><\/div><\/div><\/div>\n\n\n\n<div class=\"wp-block-getwid-price-list has-text-color has-dots\" style=\"color:#b04f1a\"> <div class=\"wp-block-getwid-price-list__content-wrapper\"><div class=\"wp-block-getwid-price-list__header\"><p class=\"wp-block-getwid-price-list__title\">Klasik K\u00fcnefe 2 ki\u015filik<\/p><div class=\"wp-block-getwid-price-list__price-line\"><\/div><div class=\"wp-block-getwid-price-list__price-wrapper has-currency-after-space\"><p class=\"wp-block-getwid-price-list__currency\">TL<\/p><p class=\"wp-block-getwid-price-list__amount\">670<\/p><\/div><\/div><\/div><\/div>\n\n\n\n<div class=\"wp-block-getwid-price-list has-text-color has-dots\" style=\"color:#b04f1a\"> <div class=\"wp-block-getwid-price-list__content-wrapper\"><div class=\"wp-block-getwid-price-list__header\"><p class=\"wp-block-getwid-price-list__title\">Klasik K\u00fcnefe 3 ki\u015filik<\/p><div class=\"wp-block-getwid-price-list__price-line\"><\/div><div class=\"wp-block-getwid-price-list__price-wrapper has-currency-after-space\"><p class=\"wp-block-getwid-price-list__currency\">TL<\/p><p class=\"wp-block-getwid-price-list__amount\">1000<\/p><\/div><\/div><\/div><\/div>\n\n\n\n<div class=\"wp-block-getwid-price-list has-text-color has-dots\" style=\"color:#b04f1a\"> <div class=\"wp-block-getwid-price-list__content-wrapper\"><div class=\"wp-block-getwid-price-list__header\"><p class=\"wp-block-getwid-price-list__title\">Klasik K\u00fcnefe 4 ki\u015filik<\/p><div class=\"wp-block-getwid-price-list__price-line\"><\/div><div class=\"wp-block-getwid-price-list__price-wrapper has-currency-after-space\"><p class=\"wp-block-getwid-price-list__currency\">TL<\/p><p class=\"wp-block-getwid-price-list__amount\">1320<\/p><\/div><\/div><\/div><\/div>\n\n\n\n<div class=\"wp-block-getwid-price-list has-text-color has-dots\" style=\"color:#b04f1a\"> <div class=\"wp-block-getwid-price-list__content-wrapper\"><div class=\"wp-block-getwid-price-list__header\"><p class=\"wp-block-getwid-price-list__title\">Klasik K\u00fcnefe 6 ki\u015filik<\/p><div class=\"wp-block-getwid-price-list__price-line\"><\/div><div class=\"wp-block-getwid-price-list__price-wrapper has-currency-after-space\"><p class=\"wp-block-getwid-price-list__currency\">TL<\/p><p class=\"wp-block-getwid-price-list__amount\">1980<\/p><\/div><\/div><\/div><\/div>\n<\/div>\n<\/div>\n\n\n\n<div class=\"gb-element-ab04d166\"><div class=\"wp-block-image\">\n<figure class=\"aligncenter size-full is-resized\"><img loading=\"lazy\" decoding=\"async\" width=\"500\" height=\"500\" src=\"https:\/\/haydarzade.alanyarestaurantprogrami.com\/wp-content\/uploads\/2025\/12\/34.jpg\" alt=\"\" class=\"wp-image-208\" style=\"object-fit:cover;width:350px;height:150px\" srcset=\"https:\/\/haydarzade.alanyarestaurantprogrami.com\/wp-content\/uploads\/2025\/12\/34.jpg 500w, https:\/\/haydarzade.alanyarestaurantprogrami.com\/wp-content\/uploads\/2025\/12\/34-300x300.jpg 300w, https:\/\/haydarzade.alanyarestaurantprogrami.com\/wp-content\/uploads\/2025\/12\/34-150x150.jpg 150w\" sizes=\"auto, (max-width: 500px) 100vw, 500px\" \/><\/figure>\n<\/div>\n\n\n<div class=\"gb-element-3fee9ce1\">\n<div class=\"wp-block-getwid-price-list has-text-color has-dots\" style=\"color:#b04f1a\"> <div class=\"wp-block-getwid-price-list__content-wrapper\"><div class=\"wp-block-getwid-price-list__header\"><p class=\"wp-block-getwid-price-list__title\">\u00c7\u0131t\u0131r Has\u0131r 1 ki\u015filik<\/p><div class=\"wp-block-getwid-price-list__price-line\"><\/div><div class=\"wp-block-getwid-price-list__price-wrapper has-currency-after-space\"><p class=\"wp-block-getwid-price-list__currency\">TL<\/p><p class=\"wp-block-getwid-price-list__amount\">375<\/p><\/div><\/div><\/div><\/div>\n\n\n\n<div class=\"wp-block-getwid-price-list has-text-color has-dots\" style=\"color:#b04f1a\"> <div class=\"wp-block-getwid-price-list__content-wrapper\"><div class=\"wp-block-getwid-price-list__header\"><p class=\"wp-block-getwid-price-list__title\">\u00c7\u0131t\u0131r Has\u0131r 2 ki\u015filik<\/p><div class=\"wp-block-getwid-price-list__price-line\"><\/div><div class=\"wp-block-getwid-price-list__price-wrapper has-currency-after-space\"><p class=\"wp-block-getwid-price-list__currency\">TL<\/p><p class=\"wp-block-getwid-price-list__amount\">740<\/p><\/div><\/div><\/div><\/div>\n\n\n\n<div class=\"wp-block-getwid-price-list has-text-color has-dots\" style=\"color:#b04f1a\"> <div class=\"wp-block-getwid-price-list__content-wrapper\"><div class=\"wp-block-getwid-price-list__header\"><p class=\"wp-block-getwid-price-list__title\">\u00c7\u0131t\u0131r Has\u0131r 3 ki\u015filik<\/p><div class=\"wp-block-getwid-price-list__price-line\"><\/div><div class=\"wp-block-getwid-price-list__price-wrapper has-currency-after-space\"><p class=\"wp-block-getwid-price-list__currency\">TL<\/p><p class=\"wp-block-getwid-price-list__amount\">1100<\/p><\/div><\/div><\/div><\/div>\n\n\n\n<div class=\"wp-block-getwid-price-list has-text-color has-dots\" style=\"color:#b04f1a\"> <div class=\"wp-block-getwid-price-list__content-wrapper\"><div class=\"wp-block-getwid-price-list__header\"><p class=\"wp-block-getwid-price-list__title\">\u00c7\u0131t\u0131r Has\u0131r 4 ki\u015filik<\/p><div class=\"wp-block-getwid-price-list__price-line\"><\/div><div class=\"wp-block-getwid-price-list__price-wrapper has-currency-after-space\"><p class=\"wp-block-getwid-price-list__currency\">TL<\/p><p class=\"wp-block-getwid-price-list__amount\">1460<\/p><\/div><\/div><\/div><\/div>\n\n\n\n<div class=\"wp-block-getwid-price-list has-text-color has-dots\" style=\"color:#b04f1a\"> <div class=\"wp-block-getwid-price-list__content-wrapper\"><div class=\"wp-block-getwid-price-list__header\"><p class=\"wp-block-getwid-price-list__title\">\u00c7\u0131t\u0131r Has\u0131r 6 ki\u015filik<\/p><div class=\"wp-block-getwid-price-list__price-line\"><\/div><div class=\"wp-block-getwid-price-list__price-wrapper has-currency-after-space\"><p class=\"wp-block-getwid-price-list__currency\">TL<\/p><p class=\"wp-block-getwid-price-list__amount\">2190<\/p><\/div><\/div><\/div><\/div>\n<\/div>\n<\/div>\n\n\n\n<div class=\"gb-element-0e6025ad\"><div class=\"wp-block-image\">\n<figure class=\"aligncenter size-full is-resized\"><img loading=\"lazy\" decoding=\"async\" width=\"1200\" height=\"1600\" src=\"https:\/\/haydarzade.alanyarestaurantprogrami.com\/wp-content\/uploads\/2025\/12\/WhatsApp-Image-2025-12-12-at-15.25.14-5.jpeg\" alt=\"\" class=\"wp-image-258\" style=\"object-fit:cover;width:350px;height:150px\" srcset=\"https:\/\/haydarzade.alanyarestaurantprogrami.com\/wp-content\/uploads\/2025\/12\/WhatsApp-Image-2025-12-12-at-15.25.14-5.jpeg 1200w, https:\/\/haydarzade.alanyarestaurantprogrami.com\/wp-content\/uploads\/2025\/12\/WhatsApp-Image-2025-12-12-at-15.25.14-5-225x300.jpeg 225w, https:\/\/haydarzade.alanyarestaurantprogrami.com\/wp-content\/uploads\/2025\/12\/WhatsApp-Image-2025-12-12-at-15.25.14-5-768x1024.jpeg 768w, https:\/\/haydarzade.alanyarestaurantprogrami.com\/wp-content\/uploads\/2025\/12\/WhatsApp-Image-2025-12-12-at-15.25.14-5-1152x1536.jpeg 1152w\" sizes=\"auto, (max-width: 1200px) 100vw, 1200px\" \/><\/figure>\n<\/div>\n\n\n<div class=\"gb-element-7072f218\">\n<div class=\"wp-block-getwid-price-list has-text-color has-dots\" style=\"color:#b04f1a\"> <div class=\"wp-block-getwid-price-list__content-wrapper\"><div class=\"wp-block-getwid-price-list__header\"><p class=\"wp-block-getwid-price-list__title\">Peynir Pa\u015fa 1 ki\u015filik<\/p><div class=\"wp-block-getwid-price-list__price-line\"><\/div><div class=\"wp-block-getwid-price-list__price-wrapper has-currency-after-space\"><p class=\"wp-block-getwid-price-list__currency\">TL<\/p><p class=\"wp-block-getwid-price-list__amount\">400<\/p><\/div><\/div><\/div><\/div>\n\n\n\n<div class=\"wp-block-getwid-price-list has-text-color has-dots\" style=\"color:#b04f1a\"> <div class=\"wp-block-getwid-price-list__content-wrapper\"><div class=\"wp-block-getwid-price-list__header\"><p class=\"wp-block-getwid-price-list__title\">Peynir Pa\u015fa 2 ki\u015filik<\/p><div class=\"wp-block-getwid-price-list__price-line\"><\/div><div class=\"wp-block-getwid-price-list__price-wrapper has-currency-after-space\"><p class=\"wp-block-getwid-price-list__currency\">TL<\/p><p class=\"wp-block-getwid-price-list__amount\">770<\/p><\/div><\/div><\/div><\/div>\n\n\n\n<div class=\"wp-block-getwid-price-list has-text-color has-dots\" style=\"color:#b04f1a\"> <div class=\"wp-block-getwid-price-list__content-wrapper\"><div class=\"wp-block-getwid-price-list__header\"><p class=\"wp-block-getwid-price-list__title\">Peynir Pa\u015fa 3 ki\u015filik<\/p><div class=\"wp-block-getwid-price-list__price-line\"><\/div><div class=\"wp-block-getwid-price-list__price-wrapper has-currency-after-space\"><p class=\"wp-block-getwid-price-list__currency\">TL<\/p><p class=\"wp-block-getwid-price-list__amount\">1150<\/p><\/div><\/div><\/div><\/div>\n\n\n\n<div class=\"wp-block-getwid-price-list has-text-color has-dots\" style=\"color:#b04f1a\"> <div class=\"wp-block-getwid-price-list__content-wrapper\"><div class=\"wp-block-getwid-price-list__header\"><p class=\"wp-block-getwid-price-list__title\">Peynir Pa\u015fa 4 ki\u015filik<\/p><div class=\"wp-block-getwid-price-list__price-line\"><\/div><div class=\"wp-block-getwid-price-list__price-wrapper has-currency-after-space\"><p class=\"wp-block-getwid-price-list__currency\">TL<\/p><p class=\"wp-block-getwid-price-list__amount\">1500<\/p><\/div><\/div><\/div><\/div>\n\n\n\n<div class=\"wp-block-getwid-price-list has-text-color has-dots\" style=\"color:#b04f1a\"> <div class=\"wp-block-getwid-price-list__content-wrapper\"><div class=\"wp-block-getwid-price-list__header\"><p class=\"wp-block-getwid-price-list__title\">Peynir Pa\u015fa 6 ki\u015filik<\/p><div class=\"wp-block-getwid-price-list__price-line\"><\/div><div class=\"wp-block-getwid-price-list__price-wrapper has-currency-after-space\"><p class=\"wp-block-getwid-price-list__currency\">TL<\/p><p class=\"wp-block-getwid-price-list__amount\">2280<\/p><\/div><\/div><\/div><\/div>\n<\/div>\n<\/div>\n\n\n\n<div class=\"gb-element-f69111d3\"><div class=\"wp-block-image\">\n<figure class=\"aligncenter size-full is-resized\"><img loading=\"lazy\" decoding=\"async\" width=\"500\" height=\"500\" src=\"https:\/\/haydarzade.alanyarestaurantprogrami.com\/wp-content\/uploads\/2025\/12\/33.jpg\" alt=\"\" class=\"wp-image-203\" style=\"object-fit:cover;width:350px;height:150px\" srcset=\"https:\/\/haydarzade.alanyarestaurantprogrami.com\/wp-content\/uploads\/2025\/12\/33.jpg 500w, https:\/\/haydarzade.alanyarestaurantprogrami.com\/wp-content\/uploads\/2025\/12\/33-300x300.jpg 300w, https:\/\/haydarzade.alanyarestaurantprogrami.com\/wp-content\/uploads\/2025\/12\/33-150x150.jpg 150w\" sizes=\"auto, (max-width: 500px) 100vw, 500px\" \/><\/figure>\n<\/div>\n\n\n<div class=\"gb-element-b8c0c526\">\n<div class=\"wp-block-getwid-price-list has-text-color has-dots\" style=\"color:#b04f1a\"> <div class=\"wp-block-getwid-price-list__content-wrapper\"><div class=\"wp-block-getwid-price-list__header\"><p class=\"wp-block-getwid-price-list__title\">Cevizli Special 1 ki\u015filik<\/p><div class=\"wp-block-getwid-price-list__price-line\"><\/div><div class=\"wp-block-getwid-price-list__price-wrapper has-currency-after-space\"><p class=\"wp-block-getwid-price-list__currency\">TL<\/p><p class=\"wp-block-getwid-price-list__amount\">300<\/p><\/div><\/div><\/div><\/div>\n\n\n\n<div class=\"wp-block-getwid-price-list has-text-color has-dots\" style=\"color:#b04f1a\"> <div class=\"wp-block-getwid-price-list__content-wrapper\"><div class=\"wp-block-getwid-price-list__header\"><p class=\"wp-block-getwid-price-list__title\">Cevizli Special 2 ki\u015filik<\/p><div class=\"wp-block-getwid-price-list__price-line\"><\/div><div class=\"wp-block-getwid-price-list__price-wrapper has-currency-after-space\"><p class=\"wp-block-getwid-price-list__currency\">TL<\/p><p class=\"wp-block-getwid-price-list__amount\">590<\/p><\/div><\/div><\/div><\/div>\n\n\n\n<div class=\"wp-block-getwid-price-list has-text-color has-dots\" style=\"color:#b04f1a\"> <div class=\"wp-block-getwid-price-list__content-wrapper\"><div class=\"wp-block-getwid-price-list__header\"><p class=\"wp-block-getwid-price-list__title\">Cevizli Special 3 ki\u015filik<\/p><div class=\"wp-block-getwid-price-list__price-line\"><\/div><div class=\"wp-block-getwid-price-list__price-wrapper has-currency-after-space\"><p class=\"wp-block-getwid-price-list__currency\">TL<\/p><p class=\"wp-block-getwid-price-list__amount\">1035<\/p><\/div><\/div><\/div><\/div>\n\n\n\n<div class=\"wp-block-getwid-price-list has-text-color has-dots\" style=\"color:#b04f1a\"> <div class=\"wp-block-getwid-price-list__content-wrapper\"><div class=\"wp-block-getwid-price-list__header\"><p class=\"wp-block-getwid-price-list__title\">Cevizli Special 4 ki\u015filik<\/p><div class=\"wp-block-getwid-price-list__price-line\"><\/div><div class=\"wp-block-getwid-price-list__price-wrapper has-currency-after-space\"><p class=\"wp-block-getwid-price-list__currency\">TL<\/p><p class=\"wp-block-getwid-price-list__amount\">1180<\/p><\/div><\/div><\/div><\/div>\n\n\n\n<div class=\"wp-block-getwid-price-list has-text-color has-dots\" style=\"color:#b04f1a\"> <div class=\"wp-block-getwid-price-list__content-wrapper\"><div class=\"wp-block-getwid-price-list__header\"><p class=\"wp-block-getwid-price-list__title\">Cevizli Special 6 ki\u015filik<\/p><div class=\"wp-block-getwid-price-list__price-line\"><\/div><div class=\"wp-block-getwid-price-list__price-wrapper has-currency-after-space\"><p class=\"wp-block-getwid-price-list__currency\">TL<\/p><p class=\"wp-block-getwid-price-list__amount\">1740<\/p><\/div><\/div><\/div><\/div>\n<\/div>\n<\/div>\n\n\n\n<div class=\"gb-element-cbd9261f\"><div class=\"wp-block-image\">\n<figure class=\"aligncenter size-full is-resized\"><img loading=\"lazy\" decoding=\"async\" width=\"500\" height=\"500\" src=\"https:\/\/haydarzade.alanyarestaurantprogrami.com\/wp-content\/uploads\/2025\/12\/27.jpg\" alt=\"\" class=\"wp-image-211\" style=\"object-fit:cover;width:350px;height:150px\" srcset=\"https:\/\/haydarzade.alanyarestaurantprogrami.com\/wp-content\/uploads\/2025\/12\/27.jpg 500w, https:\/\/haydarzade.alanyarestaurantprogrami.com\/wp-content\/uploads\/2025\/12\/27-300x300.jpg 300w, https:\/\/haydarzade.alanyarestaurantprogrami.com\/wp-content\/uploads\/2025\/12\/27-150x150.jpg 150w\" sizes=\"auto, (max-width: 500px) 100vw, 500px\" \/><\/figure>\n<\/div>\n\n\n<div class=\"gb-element-1d476e2e\">\n<div class=\"wp-block-getwid-price-list has-text-color has-dots\" style=\"color:#b04f1a\"> <div class=\"wp-block-getwid-price-list__content-wrapper\"><div class=\"wp-block-getwid-price-list__header\"><p class=\"wp-block-getwid-price-list__title\">\u0130kisi bir arada 1 ki\u015filik<\/p><div class=\"wp-block-getwid-price-list__price-line\"><\/div><div class=\"wp-block-getwid-price-list__price-wrapper has-currency-after-space\"><p class=\"wp-block-getwid-price-list__currency\">TL<\/p><p class=\"wp-block-getwid-price-list__amount\">490<\/p><\/div><\/div><\/div><\/div>\n\n\n\n<div class=\"wp-block-getwid-price-list has-text-color has-dots\" style=\"color:#b04f1a\"> <div class=\"wp-block-getwid-price-list__content-wrapper\"><div class=\"wp-block-getwid-price-list__header\"><p class=\"wp-block-getwid-price-list__title\">\u0130kisi bir arada 2 ki\u015filik<\/p><div class=\"wp-block-getwid-price-list__price-line\"><\/div><div class=\"wp-block-getwid-price-list__price-wrapper has-currency-after-space\"><p class=\"wp-block-getwid-price-list__currency\">TL<\/p><p class=\"wp-block-getwid-price-list__amount\">890<\/p><\/div><\/div><\/div><\/div>\n\n\n\n<div class=\"wp-block-getwid-price-list has-text-color has-dots\" style=\"color:#b04f1a\"> <div class=\"wp-block-getwid-price-list__content-wrapper\"><div class=\"wp-block-getwid-price-list__header\"><p class=\"wp-block-getwid-price-list__title\">\u0130kisi bir arada 3 ki\u015filik<\/p><div class=\"wp-block-getwid-price-list__price-line\"><\/div><div class=\"wp-block-getwid-price-list__price-wrapper has-currency-after-space\"><p class=\"wp-block-getwid-price-list__currency\">TL<\/p><p class=\"wp-block-getwid-price-list__amount\">1330<\/p><\/div><\/div><\/div><\/div>\n\n\n\n<div class=\"wp-block-getwid-price-list has-text-color has-dots\" style=\"color:#b04f1a\"> <div class=\"wp-block-getwid-price-list__content-wrapper\"><div class=\"wp-block-getwid-price-list__header\"><p class=\"wp-block-getwid-price-list__title\">\u0130kisi bir arada 4 ki\u015filik<\/p><div class=\"wp-block-getwid-price-list__price-line\"><\/div><div class=\"wp-block-getwid-price-list__price-wrapper has-currency-after-space\"><p class=\"wp-block-getwid-price-list__currency\">TL<\/p><p class=\"wp-block-getwid-price-list__amount\">1750<\/p><\/div><\/div><\/div><\/div>\n\n\n\n<div class=\"wp-block-getwid-price-list has-text-color has-dots\" style=\"color:#b04f1a\"> <div class=\"wp-block-getwid-price-list__content-wrapper\"><div class=\"wp-block-getwid-price-list__header\"><p class=\"wp-block-getwid-price-list__title\">\u0130kisi bir arada 6 ki\u015filik<\/p><div class=\"wp-block-getwid-price-list__price-line\"><\/div><div class=\"wp-block-getwid-price-list__price-wrapper has-currency-after-space\"><p class=\"wp-block-getwid-price-list__currency\">TL<\/p><p class=\"wp-block-getwid-price-list__amount\">2640<\/p><\/div><\/div><\/div><\/div>\n<\/div>\n<\/div>\n\n\n\n<div class=\"gb-element-831c71f2\"><div class=\"wp-block-image\">\n<figure class=\"aligncenter size-full is-resized\"><img loading=\"lazy\" decoding=\"async\" width=\"500\" height=\"500\" src=\"https:\/\/haydarzade.alanyarestaurantprogrami.com\/wp-content\/uploads\/2025\/12\/35-1.jpg\" alt=\"\" class=\"wp-image-198\" style=\"object-fit:cover;width:350px;height:150px\" srcset=\"https:\/\/haydarzade.alanyarestaurantprogrami.com\/wp-content\/uploads\/2025\/12\/35-1.jpg 500w, https:\/\/haydarzade.alanyarestaurantprogrami.com\/wp-content\/uploads\/2025\/12\/35-1-300x300.jpg 300w, https:\/\/haydarzade.alanyarestaurantprogrami.com\/wp-content\/uploads\/2025\/12\/35-1-150x150.jpg 150w\" sizes=\"auto, (max-width: 500px) 100vw, 500px\" \/><\/figure>\n<\/div>\n\n\n<div class=\"gb-element-e55ab616\">\n<div class=\"wp-block-getwid-price-list has-text-color has-dots\" style=\"color:#b04f1a\"> <div class=\"wp-block-getwid-price-list__content-wrapper\"><div class=\"wp-block-getwid-price-list__header\"><p class=\"wp-block-getwid-price-list__title\">Special K\u00fcnefe 1 ki\u015filik<\/p><div class=\"wp-block-getwid-price-list__price-line\"><\/div><div class=\"wp-block-getwid-price-list__price-wrapper has-currency-after-space\"><p class=\"wp-block-getwid-price-list__currency\">TL<\/p><p class=\"wp-block-getwid-price-list__amount\">420<\/p><\/div><\/div><\/div><\/div>\n\n\n\n<div class=\"wp-block-getwid-price-list has-text-color has-dots\" style=\"color:#b04f1a\"> <div class=\"wp-block-getwid-price-list__content-wrapper\"><div class=\"wp-block-getwid-price-list__header\"><p class=\"wp-block-getwid-price-list__title\">Special K\u00fcnefe 2 ki\u015filik<\/p><div class=\"wp-block-getwid-price-list__price-line\"><\/div><div class=\"wp-block-getwid-price-list__price-wrapper has-currency-after-space\"><p class=\"wp-block-getwid-price-list__currency\">TL<\/p><p class=\"wp-block-getwid-price-list__amount\">820<\/p><\/div><\/div><\/div><\/div>\n\n\n\n<div class=\"wp-block-getwid-price-list has-text-color has-dots\" style=\"color:#b04f1a\"> <div class=\"wp-block-getwid-price-list__content-wrapper\"><div class=\"wp-block-getwid-price-list__header\"><p class=\"wp-block-getwid-price-list__title\">Special K\u00fcnefe 3 ki\u015filik<\/p><div class=\"wp-block-getwid-price-list__price-line\"><\/div><div class=\"wp-block-getwid-price-list__price-wrapper has-currency-after-space\"><p class=\"wp-block-getwid-price-list__currency\">TL<\/p><p class=\"wp-block-getwid-price-list__amount\">1325<\/p><\/div><\/div><\/div><\/div>\n\n\n\n<div class=\"wp-block-getwid-price-list has-text-color has-dots\" style=\"color:#b04f1a\"> <div class=\"wp-block-getwid-price-list__content-wrapper\"><div class=\"wp-block-getwid-price-list__header\"><p class=\"wp-block-getwid-price-list__title\">Special K\u00fcnefe 4 ki\u015filik<\/p><div class=\"wp-block-getwid-price-list__price-line\"><\/div><div class=\"wp-block-getwid-price-list__price-wrapper has-currency-after-space\"><p class=\"wp-block-getwid-price-list__currency\">TL<\/p><p class=\"wp-block-getwid-price-list__amount\">1480<\/p><\/div><\/div><\/div><\/div>\n\n\n\n<div class=\"wp-block-getwid-price-list has-text-color has-dots\" style=\"color:#b04f1a\"> <div class=\"wp-block-getwid-price-list__content-wrapper\"><div class=\"wp-block-getwid-price-list__header\"><p class=\"wp-block-getwid-price-list__title\">Special K\u00fcnefe 6 ki\u015filik<\/p><div class=\"wp-block-getwid-price-list__price-line\"><\/div><div class=\"wp-block-getwid-price-list__price-wrapper has-currency-after-space\"><p class=\"wp-block-getwid-price-list__currency\">TL<\/p><p class=\"wp-block-getwid-price-list__amount\">2200<\/p><\/div><\/div><p class=\"wp-block-getwid-price-list__description\">2<\/p><\/div><\/div>\n<\/div>\n<\/div>\n<\/div>\n<\/div>\n","protected":false},"excerpt":{"rendered":"<p>K\u00fcnefe Men\u00fcs\u00fc<\/p>\n","protected":false},"author":1,"featured_media":0,"parent":0,"menu_order":0,"comment_status":"closed","ping_status":"closed","template":"","meta":{"footnotes":""},"class_list":["post-191","page","type-page","status-publish"],"_links":{"self":[{"href":"https:\/\/haydarzade.alanyarestaurantprogrami.com\/index.php\/wp-json\/wp\/v2\/pages\/191","targetHints":{"allow":["GET"]}}],"collection":[{"href":"https:\/\/haydarzade.alanyarestaurantprogrami.com\/index.php\/wp-json\/wp\/v2\/pages"}],"about":[{"href":"https:\/\/haydarzade.alanyarestaurantprogrami.com\/index.php\/wp-json\/wp\/v2\/types\/page"}],"author":[{"embeddable":true,"href":"https:\/\/haydarzade.alanyarestaurantprogrami.com\/index.php\/wp-json\/wp\/v2\/users\/1"}],"replies":[{"embeddable":true,"href":"https:\/\/haydarzade.alanyarestaurantprogrami.com\/index.php\/wp-json\/wp\/v2\/comments?post=191"}],"version-history":[{"count":56,"href":"https:\/\/haydarzade.alanyarestaurantprogrami.com\/index.php\/wp-json\/wp\/v2\/pages\/191\/revisions"}],"predecessor-version":[{"id":481,"href":"https:\/\/haydarzade.alanyarestaurantprogrami.com\/index.php\/wp-json\/wp\/v2\/pages\/191\/revisions\/481"}],"wp:attachment":[{"href":"https:\/\/haydarzade.alanyarestaurantprogrami.com\/index.php\/wp-json\/wp\/v2\/media?parent=191"}],"curies":[{"name":"wp","href":"https:\/\/api.w.org\/{rel}","templated":true}]}}