{"id":226,"date":"2025-12-10T02:45:18","date_gmt":"2025-12-09T23:45:18","guid":{"rendered":"https:\/\/haydarzade.alanyarestaurantprogrami.com\/?page_id=226"},"modified":"2026-03-08T16:33:30","modified_gmt":"2026-03-08T13:33:30","slug":"baklava","status":"publish","type":"page","link":"https:\/\/haydarzade.alanyarestaurantprogrami.com\/index.php\/baklava\/","title":{"rendered":"Baklava"},"content":{"rendered":"\n<div>\n<p class=\"gb-text gb-text-042f6589\">Baklava Men\u00fcs\u00fc<\/p>\n<\/div>\n\n\n\n<div>\n<div class=\"gb-element-acc5604e\">\n<div class=\"gb-element-194fdecf\">\n<figure class=\"wp-block-image size-full is-resized\"><img loading=\"lazy\" decoding=\"async\" width=\"1000\" height=\"858\" src=\"https:\/\/haydarzade.alanyarestaurantprogrami.com\/wp-content\/uploads\/2025\/12\/ss1.jpg\" alt=\"\" class=\"wp-image-160\" style=\"object-fit:cover;width:150px;height:100px\" srcset=\"https:\/\/haydarzade.alanyarestaurantprogrami.com\/wp-content\/uploads\/2025\/12\/ss1.jpg 1000w, https:\/\/haydarzade.alanyarestaurantprogrami.com\/wp-content\/uploads\/2025\/12\/ss1-300x257.jpg 300w, https:\/\/haydarzade.alanyarestaurantprogrami.com\/wp-content\/uploads\/2025\/12\/ss1-768x659.jpg 768w\" sizes=\"auto, (max-width: 1000px) 100vw, 1000px\" \/><\/figure>\n\n\n\n<p class=\"gb-text gb-text-1449c9ad\">F\u0131st\u0131k Sarma <br><strong>450 TL<\/strong><\/p>\n<\/div>\n\n\n\n<div class=\"gb-element-ab04d166\">\n<figure class=\"wp-block-image size-full is-resized\"><img loading=\"lazy\" decoding=\"async\" width=\"1000\" height=\"858\" src=\"https:\/\/haydarzade.alanyarestaurantprogrami.com\/wp-content\/uploads\/2025\/12\/ss1.jpg\" alt=\"\" class=\"wp-image-160\" style=\"object-fit:cover;width:150px;height:100px\" srcset=\"https:\/\/haydarzade.alanyarestaurantprogrami.com\/wp-content\/uploads\/2025\/12\/ss1.jpg 1000w, https:\/\/haydarzade.alanyarestaurantprogrami.com\/wp-content\/uploads\/2025\/12\/ss1-300x257.jpg 300w, https:\/\/haydarzade.alanyarestaurantprogrami.com\/wp-content\/uploads\/2025\/12\/ss1-768x659.jpg 768w\" sizes=\"auto, (max-width: 1000px) 100vw, 1000px\" \/><\/figure>\n\n\n\n<p class=\"gb-text gb-text-0d56b27c\">Antep Baklava <br><strong>250 TL<\/strong><\/p>\n<\/div>\n\n\n\n<div class=\"gb-element-0e6025ad\">\n<figure class=\"wp-block-image size-full is-resized\"><img loading=\"lazy\" decoding=\"async\" width=\"1000\" height=\"858\" src=\"https:\/\/haydarzade.alanyarestaurantprogrami.com\/wp-content\/uploads\/2025\/12\/ss1.jpg\" alt=\"\" class=\"wp-image-160\" style=\"object-fit:cover;width:150px;height:100px\" srcset=\"https:\/\/haydarzade.alanyarestaurantprogrami.com\/wp-content\/uploads\/2025\/12\/ss1.jpg 1000w, https:\/\/haydarzade.alanyarestaurantprogrami.com\/wp-content\/uploads\/2025\/12\/ss1-300x257.jpg 300w, https:\/\/haydarzade.alanyarestaurantprogrami.com\/wp-content\/uploads\/2025\/12\/ss1-768x659.jpg 768w\" sizes=\"auto, (max-width: 1000px) 100vw, 1000px\" \/><\/figure>\n\n\n\n<p class=\"gb-text gb-text-ca07bf32\">Midye Baklava<br><strong>400 TL<\/strong><\/p>\n<\/div>\n\n\n\n<div class=\"gb-element-4fa28ba9\">\n<figure class=\"wp-block-image size-full is-resized\"><img loading=\"lazy\" decoding=\"async\" width=\"1000\" height=\"858\" src=\"https:\/\/haydarzade.alanyarestaurantprogrami.com\/wp-content\/uploads\/2025\/12\/ss1.jpg\" alt=\"\" class=\"wp-image-160\" style=\"object-fit:cover;width:150px;height:100px\" srcset=\"https:\/\/haydarzade.alanyarestaurantprogrami.com\/wp-content\/uploads\/2025\/12\/ss1.jpg 1000w, https:\/\/haydarzade.alanyarestaurantprogrami.com\/wp-content\/uploads\/2025\/12\/ss1-300x257.jpg 300w, https:\/\/haydarzade.alanyarestaurantprogrami.com\/wp-content\/uploads\/2025\/12\/ss1-768x659.jpg 768w\" sizes=\"auto, (max-width: 1000px) 100vw, 1000px\" \/><\/figure>\n\n\n\n<p class=\"gb-text gb-text-92168d75\">Havu\u00e7 Dilim Baklava <br><strong>320TL<\/strong><\/p>\n<\/div>\n\n\n\n<div class=\"gb-element-f69111d3\">\n<figure class=\"wp-block-image size-full is-resized\"><img loading=\"lazy\" decoding=\"async\" width=\"1000\" height=\"858\" src=\"https:\/\/haydarzade.alanyarestaurantprogrami.com\/wp-content\/uploads\/2025\/12\/ss1.jpg\" alt=\"\" class=\"wp-image-160\" style=\"object-fit:cover;width:150px;height:100px\" srcset=\"https:\/\/haydarzade.alanyarestaurantprogrami.com\/wp-content\/uploads\/2025\/12\/ss1.jpg 1000w, https:\/\/haydarzade.alanyarestaurantprogrami.com\/wp-content\/uploads\/2025\/12\/ss1-300x257.jpg 300w, https:\/\/haydarzade.alanyarestaurantprogrami.com\/wp-content\/uploads\/2025\/12\/ss1-768x659.jpg 768w\" sizes=\"auto, (max-width: 1000px) 100vw, 1000px\" \/><\/figure>\n\n\n\n<p class=\"gb-text gb-text-2268597e\">\u015e\u00f6biyet <br><strong>400 TL<\/strong><\/p>\n<\/div>\n\n\n\n<div class=\"gb-element-cbd9261f\">\n<figure class=\"wp-block-image size-full is-resized\"><img loading=\"lazy\" decoding=\"async\" width=\"1000\" height=\"858\" src=\"https:\/\/haydarzade.alanyarestaurantprogrami.com\/wp-content\/uploads\/2025\/12\/ss1.jpg\" alt=\"\" class=\"wp-image-160\" style=\"object-fit:cover;width:150px;height:100px\" srcset=\"https:\/\/haydarzade.alanyarestaurantprogrami.com\/wp-content\/uploads\/2025\/12\/ss1.jpg 1000w, https:\/\/haydarzade.alanyarestaurantprogrami.com\/wp-content\/uploads\/2025\/12\/ss1-300x257.jpg 300w, https:\/\/haydarzade.alanyarestaurantprogrami.com\/wp-content\/uploads\/2025\/12\/ss1-768x659.jpg 768w\" sizes=\"auto, (max-width: 1000px) 100vw, 1000px\" \/><\/figure>\n\n\n\n<p class=\"gb-text gb-text-49da63e7\">So\u011fuk Baklava <br><strong>400 TL<\/strong><\/p>\n<\/div>\n\n\n\n<div class=\"gb-element-b0a4f5df\">\n<figure class=\"wp-block-image size-full is-resized\"><img loading=\"lazy\" decoding=\"async\" width=\"1000\" height=\"858\" src=\"https:\/\/haydarzade.alanyarestaurantprogrami.com\/wp-content\/uploads\/2025\/12\/ss1.jpg\" alt=\"\" class=\"wp-image-160\" style=\"object-fit:cover;width:150px;height:100px\" srcset=\"https:\/\/haydarzade.alanyarestaurantprogrami.com\/wp-content\/uploads\/2025\/12\/ss1.jpg 1000w, https:\/\/haydarzade.alanyarestaurantprogrami.com\/wp-content\/uploads\/2025\/12\/ss1-300x257.jpg 300w, https:\/\/haydarzade.alanyarestaurantprogrami.com\/wp-content\/uploads\/2025\/12\/ss1-768x659.jpg 768w\" sizes=\"auto, (max-width: 1000px) 100vw, 1000px\" \/><\/figure>\n\n\n\n<p class=\"gb-text gb-text-281900b4\">Antep \u00d6zel<br><strong>370 TL<\/strong><\/p>\n<\/div>\n\n\n\n<div class=\"gb-element-7a753f6a\">\n<figure class=\"wp-block-image size-full is-resized\"><img loading=\"lazy\" decoding=\"async\" width=\"1000\" height=\"858\" src=\"https:\/\/haydarzade.alanyarestaurantprogrami.com\/wp-content\/uploads\/2025\/12\/ss1.jpg\" alt=\"\" class=\"wp-image-160\" style=\"object-fit:cover;width:150px;height:100px\" srcset=\"https:\/\/haydarzade.alanyarestaurantprogrami.com\/wp-content\/uploads\/2025\/12\/ss1.jpg 1000w, https:\/\/haydarzade.alanyarestaurantprogrami.com\/wp-content\/uploads\/2025\/12\/ss1-300x257.jpg 300w, https:\/\/haydarzade.alanyarestaurantprogrami.com\/wp-content\/uploads\/2025\/12\/ss1-768x659.jpg 768w\" sizes=\"auto, (max-width: 1000px) 100vw, 1000px\" \/><\/figure>\n\n\n\n<p class=\"gb-text gb-text-a3fc7499\">Gofret Baklava<br><strong>270 TL<\/strong><\/p>\n<\/div>\n<\/div>\n<\/div>\n\n\n\n<p><\/p>\n","protected":false},"excerpt":{"rendered":"<p>Baklava Men\u00fcs\u00fc F\u0131st\u0131k Sarma 450 TL Antep Baklava 250 TL Midye Baklava400 TL Havu\u00e7 Dilim Baklava 320TL \u015e\u00f6biyet 400 TL So\u011fuk Baklava 400 TL Antep \u00d6zel370 TL Gofret Baklava270 TL<\/p>\n","protected":false},"author":1,"featured_media":0,"parent":0,"menu_order":0,"comment_status":"closed","ping_status":"closed","template":"","meta":{"footnotes":""},"class_list":["post-226","page","type-page","status-publish"],"_links":{"self":[{"href":"https:\/\/haydarzade.alanyarestaurantprogrami.com\/index.php\/wp-json\/wp\/v2\/pages\/226","targetHints":{"allow":["GET"]}}],"collection":[{"href":"https:\/\/haydarzade.alanyarestaurantprogrami.com\/index.php\/wp-json\/wp\/v2\/pages"}],"about":[{"href":"https:\/\/haydarzade.alanyarestaurantprogrami.com\/index.php\/wp-json\/wp\/v2\/types\/page"}],"author":[{"embeddable":true,"href":"https:\/\/haydarzade.alanyarestaurantprogrami.com\/index.php\/wp-json\/wp\/v2\/users\/1"}],"replies":[{"embeddable":true,"href":"https:\/\/haydarzade.alanyarestaurantprogrami.com\/index.php\/wp-json\/wp\/v2\/comments?post=226"}],"version-history":[{"count":9,"href":"https:\/\/haydarzade.alanyarestaurantprogrami.com\/index.php\/wp-json\/wp\/v2\/pages\/226\/revisions"}],"predecessor-version":[{"id":482,"href":"https:\/\/haydarzade.alanyarestaurantprogrami.com\/index.php\/wp-json\/wp\/v2\/pages\/226\/revisions\/482"}],"wp:attachment":[{"href":"https:\/\/haydarzade.alanyarestaurantprogrami.com\/index.php\/wp-json\/wp\/v2\/media?parent=226"}],"curies":[{"name":"wp","href":"https:\/\/api.w.org\/{rel}","templated":true}]}}