{"id":297,"date":"2025-12-15T09:34:13","date_gmt":"2025-12-15T06:34:13","guid":{"rendered":"https:\/\/haydarzade.alanyarestaurantprogrami.com\/?page_id=297"},"modified":"2025-12-16T09:14:45","modified_gmt":"2025-12-16T06:14:45","slug":"kahvalti","status":"publish","type":"page","link":"https:\/\/haydarzade.alanyarestaurantprogrami.com\/index.php\/kahvalti\/","title":{"rendered":"Kahvalt\u0131"},"content":{"rendered":"\n<div>\n<p class=\"gb-text gb-text-042f6589\">Kahvalt\u0131 Men\u00fc<\/p>\n<\/div>\n\n\n\n<div>\n<div class=\"gb-element-acc5604e\">\n<div class=\"gb-element-5c02fa9e\"><div class=\"wp-block-image\">\n<figure class=\"aligncenter size-full is-resized\"><img loading=\"lazy\" decoding=\"async\" width=\"1600\" height=\"1066\" src=\"https:\/\/haydarzade.alanyarestaurantprogrami.com\/wp-content\/uploads\/2025\/12\/WhatsApp-Image-2025-12-12-at-17.36.32.jpeg\" alt=\"\" class=\"wp-image-285\" style=\"object-fit:cover;width:300px;height:175px\" srcset=\"https:\/\/haydarzade.alanyarestaurantprogrami.com\/wp-content\/uploads\/2025\/12\/WhatsApp-Image-2025-12-12-at-17.36.32.jpeg 1600w, https:\/\/haydarzade.alanyarestaurantprogrami.com\/wp-content\/uploads\/2025\/12\/WhatsApp-Image-2025-12-12-at-17.36.32-300x200.jpeg 300w, https:\/\/haydarzade.alanyarestaurantprogrami.com\/wp-content\/uploads\/2025\/12\/WhatsApp-Image-2025-12-12-at-17.36.32-1024x682.jpeg 1024w, https:\/\/haydarzade.alanyarestaurantprogrami.com\/wp-content\/uploads\/2025\/12\/WhatsApp-Image-2025-12-12-at-17.36.32-768x512.jpeg 768w, https:\/\/haydarzade.alanyarestaurantprogrami.com\/wp-content\/uploads\/2025\/12\/WhatsApp-Image-2025-12-12-at-17.36.32-1536x1023.jpeg 1536w\" sizes=\"auto, (max-width: 1600px) 100vw, 1600px\" \/><\/figure>\n<\/div>\n\n\n<p class=\"gb-text gb-text-9748ee46\">Kahvalt\u0131 Men\u00fc 2 ki\u015filik<br><strong>2000 TL<\/strong><\/p>\n\n\n\n<p class=\"gb-text gb-text-6dbafadd\">\u00c7ilek ,vi\u015fne re\u00e7eli, bal kaymak,<br>patates-biber-patl\u0131can k\u0131zartmas\u0131,<br>S\u00f6\u011f\u00fcrme,F\u0131st\u0131k ezmezi, zahter,<br>Zeytin yag, Siyah zeytin,Antep ye\u015fil k\u0131rma zeytin<br>Nohut d\u00fcr\u00fcm,Domates,salatal\u0131k,Ye\u015fillik,<br>Su b\u00f6re\u011fi Antep peynir,Mini peynir taba\u011f\u0131,<br>Avakodo ezmezi,Sahanda yumurta<br>Kavurma,Sucuk,Menemen, <br>( 2 adet s\u0131cak se\u00e7imi ) Demlik \u00e7ay ve \u00d6zel ekmek \u00e7e\u015fitleri<\/p>\n<\/div>\n\n\n\n<div class=\"gb-element-194fdecf\">\n<figure class=\"wp-block-image size-full is-resized\"><img loading=\"lazy\" decoding=\"async\" width=\"1280\" height=\"1600\" src=\"https:\/\/haydarzade.alanyarestaurantprogrami.com\/wp-content\/uploads\/2025\/12\/WhatsApp-Image-2025-12-15-at-16.13.43.jpeg\" alt=\"\" class=\"wp-image-315\" style=\"aspect-ratio:1;object-fit:cover;width:181px;height:auto\" srcset=\"https:\/\/haydarzade.alanyarestaurantprogrami.com\/wp-content\/uploads\/2025\/12\/WhatsApp-Image-2025-12-15-at-16.13.43.jpeg 1280w, https:\/\/haydarzade.alanyarestaurantprogrami.com\/wp-content\/uploads\/2025\/12\/WhatsApp-Image-2025-12-15-at-16.13.43-240x300.jpeg 240w, https:\/\/haydarzade.alanyarestaurantprogrami.com\/wp-content\/uploads\/2025\/12\/WhatsApp-Image-2025-12-15-at-16.13.43-819x1024.jpeg 819w, https:\/\/haydarzade.alanyarestaurantprogrami.com\/wp-content\/uploads\/2025\/12\/WhatsApp-Image-2025-12-15-at-16.13.43-768x960.jpeg 768w, https:\/\/haydarzade.alanyarestaurantprogrami.com\/wp-content\/uploads\/2025\/12\/WhatsApp-Image-2025-12-15-at-16.13.43-1229x1536.jpeg 1229w\" sizes=\"auto, (max-width: 1280px) 100vw, 1280px\" \/><\/figure>\n\n\n\n<p class=\"gb-text gb-text-1449c9ad\">Kahvalt\u0131 Tepsisi<br><strong>450 TL<\/strong><\/p>\n<\/div>\n<\/div>\n<\/div>\n","protected":false},"excerpt":{"rendered":"<p>Kahvalt\u0131 Men\u00fc Kahvalt\u0131 Men\u00fc 2 ki\u015filik2000 TL \u00c7ilek ,vi\u015fne re\u00e7eli, bal kaymak,patates-biber-patl\u0131can k\u0131zartmas\u0131,S\u00f6\u011f\u00fcrme,F\u0131st\u0131k ezmezi, zahter,Zeytin yag, Siyah zeytin,Antep ye\u015fil k\u0131rma zeytinNohut d\u00fcr\u00fcm,Domates,salatal\u0131k,Ye\u015fillik,Su b\u00f6re\u011fi Antep peynir,Mini peynir taba\u011f\u0131,Avakodo ezmezi,Sahanda yumurtaKavurma,Sucuk,Menemen, ( 2 adet s\u0131cak se\u00e7imi ) Demlik \u00e7ay ve \u00d6zel ekmek \u00e7e\u015fitleri Kahvalt\u0131 Tepsisi450 TL<\/p>\n","protected":false},"author":1,"featured_media":0,"parent":0,"menu_order":0,"comment_status":"closed","ping_status":"closed","template":"","meta":{"footnotes":""},"class_list":["post-297","page","type-page","status-publish"],"_links":{"self":[{"href":"https:\/\/haydarzade.alanyarestaurantprogrami.com\/index.php\/wp-json\/wp\/v2\/pages\/297","targetHints":{"allow":["GET"]}}],"collection":[{"href":"https:\/\/haydarzade.alanyarestaurantprogrami.com\/index.php\/wp-json\/wp\/v2\/pages"}],"about":[{"href":"https:\/\/haydarzade.alanyarestaurantprogrami.com\/index.php\/wp-json\/wp\/v2\/types\/page"}],"author":[{"embeddable":true,"href":"https:\/\/haydarzade.alanyarestaurantprogrami.com\/index.php\/wp-json\/wp\/v2\/users\/1"}],"replies":[{"embeddable":true,"href":"https:\/\/haydarzade.alanyarestaurantprogrami.com\/index.php\/wp-json\/wp\/v2\/comments?post=297"}],"version-history":[{"count":14,"href":"https:\/\/haydarzade.alanyarestaurantprogrami.com\/index.php\/wp-json\/wp\/v2\/pages\/297\/revisions"}],"predecessor-version":[{"id":328,"href":"https:\/\/haydarzade.alanyarestaurantprogrami.com\/index.php\/wp-json\/wp\/v2\/pages\/297\/revisions\/328"}],"wp:attachment":[{"href":"https:\/\/haydarzade.alanyarestaurantprogrami.com\/index.php\/wp-json\/wp\/v2\/media?parent=297"}],"curies":[{"name":"wp","href":"https:\/\/api.w.org\/{rel}","templated":true}]}}