{"id":93,"date":"2025-12-09T23:16:34","date_gmt":"2025-12-09T20:16:34","guid":{"rendered":"https:\/\/haydarzade.alanyarestaurantprogrami.com\/?page_id=93"},"modified":"2026-02-10T16:23:33","modified_gmt":"2026-02-10T13:23:33","slug":"soguk-icecekler","status":"publish","type":"page","link":"https:\/\/haydarzade.alanyarestaurantprogrami.com\/index.php\/soguk-icecekler\/","title":{"rendered":"So\u011fuk \u0130\u00e7ecekler"},"content":{"rendered":"\n<div>\n<p class=\"gb-text gb-text-042f6589\">So\u011fuk \u0130\u00e7ecekler<\/p>\n<\/div>\n\n\n\n<div class=\"gb-element-de5320ad\">\n<div class=\"wp-block-getwid-price-list has-text-color has-contrast-color has-dots\"> <div class=\"wp-block-getwid-price-list__content-wrapper\"><div class=\"wp-block-getwid-price-list__header\"><p class=\"wp-block-getwid-price-list__title\">Su K\u00fc\u00e7\u00fck<\/p><div class=\"wp-block-getwid-price-list__price-line\"><\/div><div class=\"wp-block-getwid-price-list__price-wrapper has-currency-after-space\"><p class=\"wp-block-getwid-price-list__currency\">TL<\/p><p class=\"wp-block-getwid-price-list__amount\">50<\/p><\/div><\/div><\/div><\/div>\n\n\n\n\n\n<div class=\"wp-block-getwid-price-list has-text-color has-contrast-color has-dots\"> <div class=\"wp-block-getwid-price-list__content-wrapper\"><div class=\"wp-block-getwid-price-list__header\"><p class=\"wp-block-getwid-price-list__title\">Cam \u015ei\u015fe Su<\/p><div class=\"wp-block-getwid-price-list__price-line\"><\/div><div class=\"wp-block-getwid-price-list__price-wrapper has-currency-after-space\"><p class=\"wp-block-getwid-price-list__currency\">TL<\/p><p class=\"wp-block-getwid-price-list__amount\">80<\/p><\/div><\/div><\/div><\/div>\n\n\n\n<div class=\"wp-block-getwid-price-list has-text-color has-dots\" style=\"color:#b04f1a\"> <div class=\"wp-block-getwid-price-list__content-wrapper\"><div class=\"wp-block-getwid-price-list__header\"><p class=\"wp-block-getwid-price-list__title\">Soda<\/p><div class=\"wp-block-getwid-price-list__price-line\"><\/div><div class=\"wp-block-getwid-price-list__price-wrapper has-currency-after-space\"><p class=\"wp-block-getwid-price-list__currency\">TL<\/p><p class=\"wp-block-getwid-price-list__amount\">60<\/p><\/div><\/div><\/div><\/div>\n\n\n\n<div class=\"wp-block-getwid-price-list has-text-color has-contrast-color has-dots\"> <div class=\"wp-block-getwid-price-list__content-wrapper\"><div class=\"wp-block-getwid-price-list__header\"><p class=\"wp-block-getwid-price-list__title\">Churchill<\/p><div class=\"wp-block-getwid-price-list__price-line\"><\/div><div class=\"wp-block-getwid-price-list__price-wrapper has-currency-after-space\"><p class=\"wp-block-getwid-price-list__currency\">TL<\/p><p class=\"wp-block-getwid-price-list__amount\">120<\/p><\/div><\/div><\/div><\/div>\n<\/div>\n\n\n\n<div>\n<p class=\"gb-text gb-text-31791909\">Fresh \u0130\u00e7ecekler<\/p>\n<\/div>\n\n\n\n<div class=\"gb-element-5a893e5d\">\n<div class=\"wp-block-getwid-price-list has-text-color has-contrast-color has-dots\"> <div class=\"wp-block-getwid-price-list__content-wrapper\"><div class=\"wp-block-getwid-price-list__header\"><p class=\"wp-block-getwid-price-list__title\">Milkshake<\/p><div class=\"wp-block-getwid-price-list__price-line\"><\/div><div class=\"wp-block-getwid-price-list__price-wrapper has-currency-after-space\"><p class=\"wp-block-getwid-price-list__currency\">TL<\/p><p class=\"wp-block-getwid-price-list__amount\">180<\/p><\/div><\/div><p class=\"wp-block-getwid-price-list__description\">Muzlu , Kivi , Kar\u0131\u015f\u0131k Meyve , \u00c7ilek , \u00c7ikolata , Yaban Mersini , Vanilya , Oreo , <\/p><\/div><\/div>\n\n\n\n<div class=\"wp-block-getwid-price-list has-text-color has-dots\" style=\"color:#b04f1a\"> <div class=\"wp-block-getwid-price-list__content-wrapper\"><div class=\"wp-block-getwid-price-list__header\"><p class=\"wp-block-getwid-price-list__title\">Frozen<\/p><div class=\"wp-block-getwid-price-list__price-line\"><\/div><div class=\"wp-block-getwid-price-list__price-wrapper has-currency-after-space\"><p class=\"wp-block-getwid-price-list__currency\">TL<\/p><p class=\"wp-block-getwid-price-list__amount\">205<\/p><\/div><\/div><p class=\"wp-block-getwid-price-list__description\">\u00c7ilek , Orman Meyve , \u015eeftali , Yaban Mersinli , Ye\u015fil Elma , <\/p><\/div><\/div>\n\n\n\n<div class=\"wp-block-getwid-price-list has-text-color has-contrast-color has-dots\"> <div class=\"wp-block-getwid-price-list__content-wrapper\"><div class=\"wp-block-getwid-price-list__header\"><p class=\"wp-block-getwid-price-list__title\">Mojito<\/p><div class=\"wp-block-getwid-price-list__price-line\"><\/div><div class=\"wp-block-getwid-price-list__price-wrapper has-currency-after-space\"><p class=\"wp-block-getwid-price-list__currency\">TL<\/p><p class=\"wp-block-getwid-price-list__amount\">205<\/p><\/div><\/div><p class=\"wp-block-getwid-price-list__description\">Karpuz \u00dcz\u00fcm , Lime Nane , \u00c7ilek Nane , Kavun \u00c7ilek<\/p><\/div><\/div>\n\n\n\n<div class=\"wp-block-getwid-price-list has-text-color has-dots\" style=\"color:#b04f1a\"> <div class=\"wp-block-getwid-price-list__content-wrapper\"><div class=\"wp-block-getwid-price-list__header\"><p class=\"wp-block-getwid-price-list__title\">El Yap\u0131m\u0131 Limonata<\/p><div class=\"wp-block-getwid-price-list__price-line\"><\/div><div class=\"wp-block-getwid-price-list__price-wrapper has-currency-after-space\"><p class=\"wp-block-getwid-price-list__currency\">TL<\/p><p class=\"wp-block-getwid-price-list__amount\">180<\/p><\/div><\/div><p class=\"wp-block-getwid-price-list__description\">Klasik , \u00c7ilek , Karpuz , Ye\u015fil Elma , <\/p><\/div><\/div>\n\n\n\n<div class=\"wp-block-getwid-price-list has-text-color has-contrast-color has-dots\"> <div class=\"wp-block-getwid-price-list__content-wrapper\"><div class=\"wp-block-getwid-price-list__header\"><p class=\"wp-block-getwid-price-list__title\">El Yap\u0131m\u0131 ICE Tea<\/p><div class=\"wp-block-getwid-price-list__price-line\"><\/div><div class=\"wp-block-getwid-price-list__price-wrapper has-currency-after-space\"><p class=\"wp-block-getwid-price-list__currency\">TL<\/p><p class=\"wp-block-getwid-price-list__amount\">195<\/p><\/div><\/div><p class=\"wp-block-getwid-price-list__description\">\u015eeftali , Limon , Yaban Mersini <\/p><\/div><\/div>\n\n\n\n<div class=\"wp-block-getwid-price-list has-text-color has-dots\" style=\"color:#b04f1a\"> <div class=\"wp-block-getwid-price-list__content-wrapper\"><div class=\"wp-block-getwid-price-list__header\"><p class=\"wp-block-getwid-price-list__title\">Taze S\u0131k\u0131lm\u0131\u015f Nar Portakal<\/p><div class=\"wp-block-getwid-price-list__price-line\"><\/div><div class=\"wp-block-getwid-price-list__price-wrapper has-currency-after-space\"><p class=\"wp-block-getwid-price-list__currency\">TL<\/p><p class=\"wp-block-getwid-price-list__amount\">185<\/p><\/div><\/div><\/div><\/div>\n\n\n\n<div class=\"wp-block-getwid-price-list has-text-color has-contrast-color has-dots\"> <div class=\"wp-block-getwid-price-list__content-wrapper\"><div class=\"wp-block-getwid-price-list__header\"><p class=\"wp-block-getwid-price-list__title\">Taze S\u0131k\u0131lm\u0131\u015f Portakal<\/p><div class=\"wp-block-getwid-price-list__price-line\"><\/div><div class=\"wp-block-getwid-price-list__price-wrapper has-currency-after-space\"><p class=\"wp-block-getwid-price-list__currency\">TL<\/p><p class=\"wp-block-getwid-price-list__amount\">175<\/p><\/div><\/div><p class=\"wp-block-getwid-price-list__description\">Klasik , \u00c7ilek , Karpuz , Ye\u015fil Elma , <\/p><\/div><\/div>\n\n\n\n<div class=\"wp-block-getwid-price-list has-text-color has-dots\" style=\"color:#b04f1a\"> <div class=\"wp-block-getwid-price-list__content-wrapper\"><div class=\"wp-block-getwid-price-list__header\"><p class=\"wp-block-getwid-price-list__title\">Taze S\u0131k\u0131lm\u0131\u015f Tropic Mix<\/p><div class=\"wp-block-getwid-price-list__price-line\"><\/div><div class=\"wp-block-getwid-price-list__price-wrapper has-currency-after-space\"><p class=\"wp-block-getwid-price-list__currency\">TL<\/p><p class=\"wp-block-getwid-price-list__amount\">290<\/p><\/div><\/div><\/div><\/div>\n\n\n\n<div class=\"wp-block-getwid-price-list has-text-color has-contrast-color has-dots\"> <div class=\"wp-block-getwid-price-list__content-wrapper\"><div class=\"wp-block-getwid-price-list__header\"><p class=\"wp-block-getwid-price-list__title\">Taze S\u0131k\u0131lm\u0131\u015f Tropic Special<\/p><div class=\"wp-block-getwid-price-list__price-line\"><\/div><div class=\"wp-block-getwid-price-list__price-wrapper has-currency-after-space\"><p class=\"wp-block-getwid-price-list__currency\">TL<\/p><p class=\"wp-block-getwid-price-list__amount\">450<\/p><\/div><\/div><\/div><\/div>\n\n\n\n<div class=\"wp-block-getwid-price-list has-text-color has-dots\" style=\"color:#b04f1a\"> <div class=\"wp-block-getwid-price-list__content-wrapper\"><div class=\"wp-block-getwid-price-list__header\"><p class=\"wp-block-getwid-price-list__title\">Melon Spring<\/p><div class=\"wp-block-getwid-price-list__price-line\"><\/div><div class=\"wp-block-getwid-price-list__price-wrapper has-currency-after-space\"><p class=\"wp-block-getwid-price-list__currency\">TL<\/p><p class=\"wp-block-getwid-price-list__amount\">450<\/p><\/div><\/div><\/div><\/div>\n\n\n\n<div class=\"wp-block-getwid-price-list has-text-color has-contrast-color has-dots\"> <div class=\"wp-block-getwid-price-list__content-wrapper\"><div class=\"wp-block-getwid-price-list__header\"><p class=\"wp-block-getwid-price-list__title\">El Yap\u0131m\u0131 Limonata<\/p><div class=\"wp-block-getwid-price-list__price-line\"><\/div><div class=\"wp-block-getwid-price-list__price-wrapper has-currency-after-space\"><p class=\"wp-block-getwid-price-list__currency\">TL<\/p><p class=\"wp-block-getwid-price-list__amount\">180<\/p><\/div><\/div><p class=\"wp-block-getwid-price-list__description\">Klasik , \u00c7ilek , Karpuz , Ye\u015fil Elma , <\/p><\/div><\/div>\n\n\n\n<div class=\"wp-block-getwid-price-list has-text-color has-dots\" style=\"color:#b04f1a\"> <div class=\"wp-block-getwid-price-list__content-wrapper\"><div class=\"wp-block-getwid-price-list__header\"><p class=\"wp-block-getwid-price-list__title\">Melon Spring<\/p><div class=\"wp-block-getwid-price-list__price-line\"><\/div><div class=\"wp-block-getwid-price-list__price-wrapper has-currency-after-space\"><p class=\"wp-block-getwid-price-list__currency\">TL<\/p><p class=\"wp-block-getwid-price-list__amount\">450<\/p><\/div><\/div><\/div><\/div>\n\n\n\n<div class=\"wp-block-getwid-price-list has-text-color has-contrast-color has-dots\"> <div class=\"wp-block-getwid-price-list__content-wrapper\"><div class=\"wp-block-getwid-price-list__header\"><p class=\"wp-block-getwid-price-list__title\">Ice Chocolate<\/p><div class=\"wp-block-getwid-price-list__price-line\"><\/div><div class=\"wp-block-getwid-price-list__price-wrapper has-currency-after-space\"><p class=\"wp-block-getwid-price-list__currency\">TL<\/p><p class=\"wp-block-getwid-price-list__amount\">205<\/p><\/div><\/div><p class=\"wp-block-getwid-price-list__description\">Oreolu , Brownili , Turnal\u0131 , White Chocolate<\/p><\/div><\/div>\n\n\n\n<div class=\"wp-block-getwid-price-list has-text-color has-dots\" style=\"color:#b04f1a\"> <div class=\"wp-block-getwid-price-list__content-wrapper\"><div class=\"wp-block-getwid-price-list__header\"><p class=\"wp-block-getwid-price-list__title\">Sunsehine<\/p><div class=\"wp-block-getwid-price-list__price-line\"><\/div><div class=\"wp-block-getwid-price-list__price-wrapper has-currency-after-space\"><p class=\"wp-block-getwid-price-list__currency\">TL<\/p><p class=\"wp-block-getwid-price-list__amount\">205<\/p><\/div><\/div><\/div><\/div>\n\n\n\n<div class=\"wp-block-getwid-price-list has-text-color has-contrast-color has-dots\"> <div class=\"wp-block-getwid-price-list__content-wrapper\"><div class=\"wp-block-getwid-price-list__header\"><p class=\"wp-block-getwid-price-list__title\">\u015eorbe <\/p><div class=\"wp-block-getwid-price-list__price-line\"><\/div><div class=\"wp-block-getwid-price-list__price-wrapper has-currency-after-space\"><p class=\"wp-block-getwid-price-list__currency\">TL<\/p><p class=\"wp-block-getwid-price-list__amount\">205<\/p><\/div><\/div><p class=\"wp-block-getwid-price-list__description\">\u00c7ilek , Karpuz , Ye\u015fil Elma<\/p><\/div><\/div>\n\n\n\n<div class=\"wp-block-getwid-price-list has-text-color has-dots\" style=\"color:#b04f1a\"> <div class=\"wp-block-getwid-price-list__content-wrapper\"><div class=\"wp-block-getwid-price-list__header\"><p class=\"wp-block-getwid-price-list__title\">Dondurmal\u0131 Limonata<\/p><div class=\"wp-block-getwid-price-list__price-line\"><\/div><div class=\"wp-block-getwid-price-list__price-wrapper has-currency-after-space\"><p class=\"wp-block-getwid-price-list__currency\">TL<\/p><p class=\"wp-block-getwid-price-list__amount\">195<\/p><\/div><\/div><p class=\"wp-block-getwid-price-list__description\">Ye\u015fil Elma , Limon , Karpuz , \u00c7ilek<\/p><\/div><\/div>\n<\/div>\n\n\n\n<p><\/p>\n","protected":false},"excerpt":{"rendered":"<p>So\u011fuk \u0130\u00e7ecekler Fresh \u0130\u00e7ecekler<\/p>\n","protected":false},"author":1,"featured_media":0,"parent":0,"menu_order":0,"comment_status":"closed","ping_status":"closed","template":"","meta":{"footnotes":""},"class_list":["post-93","page","type-page","status-publish"],"_links":{"self":[{"href":"https:\/\/haydarzade.alanyarestaurantprogrami.com\/index.php\/wp-json\/wp\/v2\/pages\/93","targetHints":{"allow":["GET"]}}],"collection":[{"href":"https:\/\/haydarzade.alanyarestaurantprogrami.com\/index.php\/wp-json\/wp\/v2\/pages"}],"about":[{"href":"https:\/\/haydarzade.alanyarestaurantprogrami.com\/index.php\/wp-json\/wp\/v2\/types\/page"}],"author":[{"embeddable":true,"href":"https:\/\/haydarzade.alanyarestaurantprogrami.com\/index.php\/wp-json\/wp\/v2\/users\/1"}],"replies":[{"embeddable":true,"href":"https:\/\/haydarzade.alanyarestaurantprogrami.com\/index.php\/wp-json\/wp\/v2\/comments?post=93"}],"version-history":[{"count":17,"href":"https:\/\/haydarzade.alanyarestaurantprogrami.com\/index.php\/wp-json\/wp\/v2\/pages\/93\/revisions"}],"predecessor-version":[{"id":454,"href":"https:\/\/haydarzade.alanyarestaurantprogrami.com\/index.php\/wp-json\/wp\/v2\/pages\/93\/revisions\/454"}],"wp:attachment":[{"href":"https:\/\/haydarzade.alanyarestaurantprogrami.com\/index.php\/wp-json\/wp\/v2\/media?parent=93"}],"curies":[{"name":"wp","href":"https:\/\/api.w.org\/{rel}","templated":true}]}}